{"id":1556,"date":"2024-01-14T22:42:44","date_gmt":"2024-01-14T22:42:44","guid":{"rendered":"https:\/\/cadi-caid.net\/index.php\/%d8%a7%d9%84%d8%b5%d9%81%d8%ad%d8%a9-%d8%a7%d9%84%d8%b1%d8%a6%d9%8a%d8%b3%d9%8a%d8%a9-francais\/"},"modified":"2024-09-17T18:34:22","modified_gmt":"2024-09-17T18:34:22","slug":"accueil-fr","status":"publish","type":"page","link":"https:\/\/cadi-caid.net\/index.php\/accueil-fr\/","title":{"rendered":"Accueil"},"content":{"rendered":"<style>\/*! elementor - v3.18.0 - 20-12-2023 *\/\n.elementor-heading-title{padding:0;margin:0;line-height:1}.elementor-widget-heading .elementor-heading-title[class*=elementor-size-]>a{color:inherit;font-size:inherit;line-height:inherit}.elementor-widget-heading .elementor-heading-title.elementor-size-small{font-size:15px}.elementor-widget-heading .elementor-heading-title.elementor-size-medium{font-size:19px}.elementor-widget-heading .elementor-heading-title.elementor-size-large{font-size:29px}.elementor-widget-heading .elementor-heading-title.elementor-size-xl{font-size:39px}.elementor-widget-heading .elementor-heading-title.elementor-size-xxl{font-size:59px}<\/style>\n<h1>Bienvenue<\/h1>\n<style>\/*! elementor - v3.18.0 - 20-12-2023 *\/\n.elementor-column .elementor-spacer-inner{height:var(--spacer-size)}.e-con{--container-widget-width:100%}.e-con-inner>.elementor-widget-spacer,.e-con>.elementor-widget-spacer{width:var(--container-widget-width,var(--spacer-size));--align-self:var(--container-widget-align-self,initial);--flex-shrink:0}.e-con-inner>.elementor-widget-spacer>.elementor-widget-container,.e-con>.elementor-widget-spacer>.elementor-widget-container{height:100%;width:100%}.e-con-inner>.elementor-widget-spacer>.elementor-widget-container>.elementor-spacer,.e-con>.elementor-widget-spacer>.elementor-widget-container>.elementor-spacer{height:100%}.e-con-inner>.elementor-widget-spacer>.elementor-widget-container>.elementor-spacer>.elementor-spacer-inner,.e-con>.elementor-widget-spacer>.elementor-widget-container>.elementor-spacer>.elementor-spacer-inner{height:var(--container-widget-height,var(--spacer-size))}.e-con-inner>.elementor-widget-spacer.elementor-widget-empty,.e-con>.elementor-widget-spacer.elementor-widget-empty{position:relative;min-height:22px;min-width:22px}.e-con-inner>.elementor-widget-spacer.elementor-widget-empty .elementor-widget-empty-icon,.e-con>.elementor-widget-spacer.elementor-widget-empty .elementor-widget-empty-icon{position:absolute;top:0;bottom:0;left:0;right:0;margin:auto;padding:0;width:22px;height:22px}<\/style>\n<h2>CENTRE CANADO-ARABE POUR LE DIALOGUE INTERCULTUREL (CADI)<\/h2>\n<p>Est une association \u00e0 but non lucratif, officiellement enregistr\u00e9e dans la province canadienne du Qu\u00e9bec<\/p>\n<p>\t\t\t<svg aria-hidden=\"true\" viewBox=\"0 0 480 512\" xmlns=\"http:\/\/www.w3.org\/2000\/svg\"><path d=\"M471.99 334.43L336.06 256l135.93-78.43c7.66-4.42 10.28-14.2 5.86-21.86l-32.02-55.43c-4.42-7.65-14.21-10.28-21.87-5.86l-135.93 78.43V16c0-8.84-7.17-16-16.01-16h-64.04c-8.84 0-16.01 7.16-16.01 16v156.86L56.04 94.43c-7.66-4.42-17.45-1.79-21.87 5.86L2.15 155.71c-4.42 7.65-1.8 17.44 5.86 21.86L143.94 256 8.01 334.43c-7.66 4.42-10.28 14.21-5.86 21.86l32.02 55.43c4.42 7.65 14.21 10.27 21.87 5.86l135.93-78.43V496c0 8.84 7.17 16 16.01 16h64.04c8.84 0 16.01-7.16 16.01-16V339.14l135.93 78.43c7.66 4.42 17.45 1.8 21.87-5.86l32.02-55.43c4.42-7.65 1.8-17.43-5.86-21.85z\"><\/path><\/svg>\t\t\t<\/p>\n<style>\/*! elementor - v3.18.0 - 20-12-2023 *\/\n.elementor-widget-image-box .elementor-image-box-content{width:100%}@media (min-width:768px){.elementor-widget-image-box.elementor-position-left .elementor-image-box-wrapper,.elementor-widget-image-box.elementor-position-right .elementor-image-box-wrapper{display:flex}.elementor-widget-image-box.elementor-position-right .elementor-image-box-wrapper{text-align:left;flex-direction:row}.elementor-widget-image-box.elementor-position-left .elementor-image-box-wrapper{text-align:right;flex-direction:row-reverse}.elementor-widget-image-box.elementor-position-top .elementor-image-box-img{margin:auto}.elementor-widget-image-box.elementor-vertical-align-top .elementor-image-box-wrapper{align-items:flex-start}.elementor-widget-image-box.elementor-vertical-align-middle .elementor-image-box-wrapper{align-items:center}.elementor-widget-image-box.elementor-vertical-align-bottom .elementor-image-box-wrapper{align-items:flex-end}}@media (max-width:767px){.elementor-widget-image-box .elementor-image-box-img{margin-left:auto!important;margin-right:auto!important;margin-bottom:15px}}.elementor-widget-image-box .elementor-image-box-img{display:inline-block}.elementor-widget-image-box .elementor-image-box-title a{color:inherit}.elementor-widget-image-box .elementor-image-box-wrapper{text-align:center}.elementor-widget-image-box .elementor-image-box-description{margin:0}<\/style>\n<h5>Vision<\/h5>\n<p>Un monde o\u00f9 la compr\u00e9hension et le dialogue pr\u00e9valent sur une base de justice et d&#8217;\u00e9galit\u00e9<\/p>\n<p>\t\t\t<svg aria-hidden=\"true\" viewBox=\"0 0 512 512\" xmlns=\"http:\/\/www.w3.org\/2000\/svg\"><path d=\"M173.898 439.404l-166.4-166.4c-9.997-9.997-9.997-26.206 0-36.204l36.203-36.204c9.997-9.998 26.207-9.998 36.204 0L192 312.69 432.095 72.596c9.997-9.997 26.207-9.997 36.204 0l36.203 36.204c9.997 9.997 9.997 26.206 0 36.204l-294.4 294.401c-9.998 9.997-26.207 9.997-36.204-.001z\"><\/path><\/svg>\t\t\t<\/p>\n<h5>Mission<\/h5>\n<p>Soutenir et stimuler le dialogue et l&#8217;acculturation entre les peuples, en enrichissant et diffusant les id\u00e9es et les concepts d&#8217;\u00e9change culturel<\/p>\n<p>\t\t\t<svg aria-hidden=\"true\" viewBox=\"0 0 496 512\" xmlns=\"http:\/\/www.w3.org\/2000\/svg\"><path d=\"M312 256h79.1c9.2 0 16.9-7.7 16-16.8-4.6-43.6-27-81.8-59.5-107.8-7.6-6.1-18.8-4.5-24 3.8L281.9 202c18 11.2 30.1 31.2 30.1 54zm-97.8 54.1L172.4 377c-4.9 7.8-2.4 18.4 5.8 22.5 21.1 10.4 44.7 16.5 69.8 16.5s48.7-6.1 69.9-16.5c8.2-4.1 10.6-14.7 5.8-22.5l-41.8-66.9c-9.8 6.2-21.4 9.9-33.8 9.9s-24.1-3.7-33.9-9.9zM104.9 256H184c0-22.8 12.1-42.8 30.2-54.1l-41.7-66.8c-5.2-8.3-16.4-9.9-24-3.8-32.6 26-54.9 64.2-59.5 107.8-1.1 9.2 6.7 16.9 15.9 16.9zM248 504c137 0 248-111 248-248S385 8 248 8 0 119 0 256s111 248 248 248zm0-432c101.5 0 184 82.5 184 184s-82.5 184-184 184S64 357.5 64 256 146.5 72 248 72zm0 216c17.7 0 32-14.3 32-32s-14.3-32-32-32-32 14.3-32 32 14.3 32 32 32z\"><\/path><\/svg>\t\t\t<\/p>\n<h5>Objectifs<\/h5>\n<p>-Promouvoir le dialogue interculturel entre les diff\u00e9rentes communaut\u00e9s de la soci\u00e9t\u00e9, et consolider les principes, les fondements et les coutumes du dialogue entre les peuples<\/p>\n<h2>CENTRE CANADO-ARABE POUR LE DIALOGUE INTERCULTUREL (CADI)<\/h2>\n<p>Rassemble un groupe de citoyens canadiens et d&#8217;origines diff\u00e9rentes, avec des comp\u00e9tences culturelles \u00e9lev\u00e9es et des professions de divers domaines, et qui expriment le d\u00e9sir de consolider les bases de la compr\u00e9hension, de la tol\u00e9rance et de l&#8217;acceptation de l&#8217;autre, afin de combattre les id\u00e9es de s\u00e9gr\u00e9gation, de discrimination et de violence<\/p>\n","protected":false},"excerpt":{"rendered":"<p>Bienvenue CENTRE CANADO-ARABE POUR LE DIALOGUE INTERCULTUREL (CADI) Est une association \u00e0 but non lucratif, officiellement enregistr\u00e9e dans la province canadienne du Qu\u00e9bec Vision Un monde o\u00f9 la compr\u00e9hension et le dialogue pr\u00e9valent sur une base de justice et d&#8217;\u00e9galit\u00e9 Mission Soutenir et stimuler le dialogue et l&#8217;acculturation entre les peuples, en enrichissant et diffusant &hellip;<\/p>\n<p class=\"read-more\"> <a class=\"\" href=\"https:\/\/cadi-caid.net\/index.php\/accueil-fr\/\"> <span class=\"screen-reader-text\">Accueil<\/span> \u0642\u0631\u0627\u0621\u0629 \u0627\u0644\u0645\u0632\u064a\u062f &raquo;<\/a><\/p>\n","protected":false},"author":1,"featured_media":0,"parent":0,"menu_order":0,"comment_status":"closed","ping_status":"closed","template":"","meta":{"om_disable_all_campaigns":false,"_monsterinsights_skip_tracking":false,"_monsterinsights_sitenote_active":false,"_monsterinsights_sitenote_note":"","_monsterinsights_sitenote_category":0,"site-sidebar-layout":"no-sidebar","site-content-layout":"page-builder","ast-site-content-layout":"full-width-container","site-content-style":"unboxed","site-sidebar-style":"unboxed","ast-global-header-display":"","ast-banner-title-visibility":"","ast-main-header-display":"","ast-hfb-above-header-display":"","ast-hfb-below-header-display":"","ast-hfb-mobile-header-display":"","site-post-title":"disabled","ast-breadcrumbs-content":"","ast-featured-img":"disabled","footer-sml-layout":"","theme-transparent-header-meta":"","adv-header-id-meta":"","stick-header-meta":"","header-above-stick-meta":"","header-main-stick-meta":"","header-below-stick-meta":"","astra-migrate-meta-layouts":"set","ast-page-background-enabled":"default","ast-page-background-meta":{"desktop":{"background-color":"","background-image":"","background-repeat":"repeat","background-position":"center center","background-size":"auto","background-attachment":"scroll","background-type":"","background-media":"","overlay-type":"","overlay-color":"","overlay-gradient":""},"tablet":{"background-color":"","background-image":"","background-repeat":"repeat","background-position":"center center","background-size":"auto","background-attachment":"scroll","background-type":"","background-media":"","overlay-type":"","overlay-color":"","overlay-gradient":""},"mobile":{"background-color":"","background-image":"","background-repeat":"repeat","background-position":"center center","background-size":"auto","background-attachment":"scroll","background-type":"","background-media":"","overlay-type":"","overlay-color":"","overlay-gradient":""}},"ast-content-background-meta":{"desktop":{"background-color":"var(--ast-global-color-5)","background-image":"","background-repeat":"repeat","background-position":"center center","background-size":"auto","background-attachment":"scroll","background-type":"","background-media":"","overlay-type":"","overlay-color":"","overlay-gradient":""},"tablet":{"background-color":"var(--ast-global-color-5)","background-image":"","background-repeat":"repeat","background-position":"center center","background-size":"auto","background-attachment":"scroll","background-type":"","background-media":"","overlay-type":"","overlay-color":"","overlay-gradient":""},"mobile":{"background-color":"var(--ast-global-color-5)","background-image":"","background-repeat":"repeat","background-position":"center center","background-size":"auto","background-attachment":"scroll","background-type":"","background-media":"","overlay-type":"","overlay-color":"","overlay-gradient":""}},"footnotes":""},"aioseo_notices":[],"_links":{"self":[{"href":"https:\/\/cadi-caid.net\/index.php\/wp-json\/wp\/v2\/pages\/1556"}],"collection":[{"href":"https:\/\/cadi-caid.net\/index.php\/wp-json\/wp\/v2\/pages"}],"about":[{"href":"https:\/\/cadi-caid.net\/index.php\/wp-json\/wp\/v2\/types\/page"}],"author":[{"embeddable":true,"href":"https:\/\/cadi-caid.net\/index.php\/wp-json\/wp\/v2\/users\/1"}],"replies":[{"embeddable":true,"href":"https:\/\/cadi-caid.net\/index.php\/wp-json\/wp\/v2\/comments?post=1556"}],"version-history":[{"count":24,"href":"https:\/\/cadi-caid.net\/index.php\/wp-json\/wp\/v2\/pages\/1556\/revisions"}],"predecessor-version":[{"id":2008,"href":"https:\/\/cadi-caid.net\/index.php\/wp-json\/wp\/v2\/pages\/1556\/revisions\/2008"}],"wp:attachment":[{"href":"https:\/\/cadi-caid.net\/index.php\/wp-json\/wp\/v2\/media?parent=1556"}],"curies":[{"name":"wp","href":"https:\/\/api.w.org\/{rel}","templated":true}]}}